{"id":487,"date":"2015-03-27T09:16:14","date_gmt":"2015-03-27T09:16:14","guid":{"rendered":"http:\/\/www.www.lasar.polimi.it\/?page_id=487"},"modified":"2024-01-18T10:13:30","modified_gmt":"2024-01-18T10:13:30","slug":"work-with-us","status":"publish","type":"page","link":"https:\/\/www.lasar.polimi.it\/?page_id=487","title":{"rendered":"Study and do research with us"},"content":{"rendered":"\n<h1 class=\"wp-block-heading\">&nbsp;<\/h1>\n\n\n\n<h1 class=\"wp-block-heading\"><strong>PhD POSITIONS<\/strong><\/h1>\n\n\n\n<hr class=\"wp-block-separator has-alpha-channel-opacity\"\/>\n\n\n\n<h1 class=\"wp-block-heading\"><strong>MASTER THESES<\/strong><\/h1>\n\n\n\n<h2 class=\"wp-block-heading\"><strong><em>Theses with international collaborations:<\/em><\/strong><\/h2>\n\n\n\n<h3 class=\"wp-block-heading\"><em>Theses on risk and resilience assessment of complex systems and critical infrastructures:<\/em><\/h3>\n\n\n\n<p><a href=\"http:\/\/lasartemplate.local\/wp-content\/uploads\/2022\/11\/Proposta-di-tesi_UCLA_RL-for-risk-assessment.pdf\">Guided probabilistic risk assessment of complex systems using reinforcement learning optimization (with UCLA, USA)<\/a><\/p>\n\n\n\n<p><a href=\"http:\/\/lasartemplate.local\/wp-content\/uploads\/2022\/11\/Proposta-di-tesi_UCLA_resilience-extreme-weather.pdf\">Resilience assessment and management of power grids in response to extreme weather conditions (heat wave, storm, flood, wildfire, etc.) (with UCLA, USA)<\/a><\/p>\n\n\n\n<p><a href=\"http:\/\/lasartemplate.local\/wp-content\/uploads\/2022\/11\/Proposta-di-tesi_UCLA_optimal-sensors-positioning.pdf\">Optimal sensor placement for efficient state and performance monitoring of interdependent complex systems, Case study: power grids (with UCLA, USA)<\/a><\/p>\n\n\n\n<p><a href=\"http:\/\/lasartemplate.local\/wp-content\/uploads\/2022\/11\/Proposta-di-tesi_UCLA_expl_opt_risk_assessment.pdf\">Exploration of optimization methods for guided probabilistic risk assessment of complex systems (with UCLA, USA)<\/a><\/p>\n\n\n\n<p><a href=\"http:\/\/lasartemplate.local\/wp-content\/uploads\/2022\/11\/2022_Proposal_CEA_STMF.pdf\">Development of a neural network for Critical Heat Flux predictions (with CEA, France)<\/a><\/p>\n\n\n\n<p><a href=\"http:\/\/lasartemplate.local\/wp-content\/uploads\/2022\/10\/2022_Antonello_Formato.pdf\">Physics Informed Deep Learning to Improve Predictive Capabilities, Interpretability and Reduce Uncertainty of Modeling and Simulation of Nuclear Microreactors (with MIT, USA)<\/a><\/p>\n\n\n\n<p><a href=\"http:\/\/lasartemplate.local\/wp-content\/uploads\/2022\/09\/Thesis-proposal-CBPSA.pdf\">Real-Time Condition-Informed Safety Assessment of a Microreactor (with MIT, USA)<\/a><\/p>\n\n\n\n<p><a href=\"http:\/\/lasartemplate.local\/wp-content\/uploads\/2022\/09\/Thesis-proposal-IUQ-NB.pdf\">Inverse Uncertainty Quantification with Deep Learning Surrogate Models of<\/a><br><a href=\"http:\/\/lasartemplate.local\/wp-content\/uploads\/2022\/09\/Thesis-proposal-IUQ-NB.pdf\">Accident Scenarios in Nuclear Microreactors (with MIT, USA)<\/a><\/p>\n\n\n\n<p><a href=\"http:\/\/lasartemplate.local\/wp-content\/uploads\/2022\/09\/Thesis-proposal-UQ-for-DT-of-NB.pdf\">Development of a Digital Twin of a Nuclear Microreactor: on the Multi-fidelity<\/a><br><a href=\"http:\/\/lasartemplate.local\/wp-content\/uploads\/2022\/09\/Thesis-proposal-UQ-for-DT-of-NB.pdf\">Uncertainty Quantification (with MIT, USA)<\/a><\/p>\n\n\n\n<p><a href=\"http:\/\/lasartemplate.local\/wp-content\/uploads\/2021\/04\/Thesis-Oklahoma-disinformation-proposal-2.pdf\">Modeling the Competing Diffusion of Information vs Disinformation and Resulting Infrastructure Impacts (with University of Oklahoma, USA)<\/a><\/p>\n\n\n\n<p><a href=\"http:\/\/lasartemplate.local\/wp-content\/uploads\/2021\/04\/Thesis-Oklahoma-disinformation-proposal-1-.pdf\">Identifying Relationships Between Information and Physical Layers with Signal Analysis (with University of Oklahoma, USA)&nbsp;<\/a><\/p>\n\n\n\n<p><a href=\"http:\/\/lasartemplate.local\/wp-content\/uploads\/2021\/03\/2021_dynamic-risk-assessment-of-eneergy-systems-p-box-uncertainty.pdf\">Advanced methods of dynamic risk assessment for energy systems (with Leibniz University of Hannover, Germany)<\/a><\/p>\n\n\n\n<p><a href=\"http:\/\/lasartemplate.local\/wp-content\/uploads\/2021\/01\/EXTENDED-SURVIVAL-SIGNATURE-APPROACH-FOR-MULTI-STATE-SYSTEMS.pdf\">Extended Survival Signature Approach for Multi-state Systems&nbsp;(with Leibniz University of Hannover, Germany)<\/a><\/p>\n\n\n\n<p><a href=\"http:\/\/lasartemplate.local\/wp-content\/uploads\/2021\/01\/Semi-Supervised-Class-Imbalance-Learning-for-Identifying-Rare-Events.pdf\">Semi-Supervised Class-Imbalance Learning for Identifying Rare Events (with University of Windsor, Canada)<\/a><\/p>\n\n\n\n<p><a href=\"http:\/\/lasartemplate.local\/wp-content\/uploads\/2023\/12\/Proposta-di-tesi_IUQ-thermal-hydraulic-codes-ATRIUM-ModelAveraging.docx\">Safety analysis of nuclear power plants: quantification of the uncertainty in nuclear thermal-hydraulic codes based on heterogeneous experimental data<\/a><\/p>\n\n\n\n<p><a href=\"http:\/\/lasartemplate.local\/wp-content\/uploads\/2024\/01\/Tesi_Adequacy-ATRIUM_MultipleExperts.docx\">Data adequacy assessment in thermal-hydraulic experimental tests of Intermediate Break Loss of Coolant Accident (IBLOCA)<\/a><\/p>\n\n\n\n<h3 class=\"wp-block-heading\"><em>Theses on reliability assessment:<\/em><\/h3>\n\n\n\n<p><a href=\"http:\/\/lasartemplate.local\/wp-content\/uploads\/2022\/01\/2022_Proposal_1_iRel40_INFINEON_Uncertainty.pdf\">Development and implementation of uncertainty propagation methods for the estimation of early-life failure probability of semiconductor devices (with INFINEON)<\/a><\/p>\n\n\n\n<p><a href=\"http:\/\/lasartemplate.local\/wp-content\/uploads\/2021\/03\/2021_dynamic-reliability-PEM-Fuel-Cell-p-box-uncertainty.pdf\">Advanced Monte Carlo simulation for efficient dynamic reliability assessment of polymer electrolyte membrane fuel cell systems (with Leibniz University of Hannover, Germany)<\/a><\/p>\n\n\n\n<p><a href=\"http:\/\/lasartemplate.local\/wp-content\/uploads\/2021\/05\/Scheda_Tesi_CERN1.pdf\">Development and implementation of Tools for the Availability and Reliability Assessment of the CERN Complex Technical Infrastructure Systems (with CERN, Switzerland)<\/a><\/p>\n\n\n\n<h3 class=\"wp-block-heading\"><em>Theses on Prognostics and Health Management for Predictive Maintenance:<\/em><\/h3>\n\n\n\n<p><a href=\"http:\/\/lasartemplate.local\/wp-content\/uploads\/2023\/07\/2023_proposal_FL.docx\" data-type=\"URL\" data-id=\"http:\/\/lasartemplate.local\/wp-content\/uploads\/2023\/07\/2023_proposal_FL.docx\">Artificial Intelligence-Based Prescriptive Maintenance by Federated Learning (with CNR and CERN)<\/a><\/p>\n\n\n\n<p><a href=\"http:\/\/lasartemplate.local\/wp-content\/uploads\/2022\/01\/2021_Proposal_INFINEON_IMAGEs.pdf\">Development and implementation of prognostics and health management methods based on image processing (with INFINEON)<\/a><\/p>\n\n\n\n<p><a href=\"http:\/\/lasartemplate.local\/wp-content\/uploads\/2021\/05\/2021_fink.pdf\">Uncertainty-driven AI methods for Prognostics and Health Management (with ETH Zurich, Switzerland)<\/a><\/p>\n\n\n\n<p><a href=\"http:\/\/lasartemplate.local\/wp-content\/uploads\/2021\/05\/Scheda_Tesi_Ahmed_v3.pdf\">Development of State-of-Health Indicators for Researchable Batteries Using Deep-Transfer Learning Methods (with Ecole Polytechnique, France)<\/a><\/p>\n\n\n\n<p><a href=\"http:\/\/lasartemplate.local\/wp-content\/uploads\/2021\/01\/Deep-Transfer-Learning-Methods-for-Prognostics-and-Health-Management-PHM-of-Batteries.pdf\">Deep Transfer Learning Methods for Prognostics and Health Management (PHM) of Batteries (with Tsinghua University, China)<\/a><\/p>\n\n\n\n<h2 class=\"wp-block-heading\"><strong><em>Theses with industrial partners:<\/em><\/strong><\/h2>\n\n\n\n<h3 class=\"wp-block-heading\"><em>Theses on risk and resilience assessment of complex systems and critical infrastructures:<\/em><\/h3>\n\n\n\n<p><a href=\"http:\/\/lasartemplate.local\/wp-content\/uploads\/2021\/03\/Electrical-network-resilience.pdf\">Electrical network resilience (with ARAMIS Srl, Italy)<\/a><\/p>\n\n\n\n<p><a href=\"http:\/\/lasartemplate.local\/wp-content\/uploads\/2021\/11\/Offre-de-stage-au-sujet-de-la-diversification-des-syst%C3%A8mes-%C3%A9lectriques-du-nouveau-nucl%C3%A9aire.pdf\">Offre de stage au sujet de la diversification des syst\u00e8mes \u00e9lectriques du nouveau nucl\u00e9aire (with EDF, France)<\/a><\/p>\n\n\n\n<h3 class=\"wp-block-heading\"><em>Theses on reliability assessment:<\/em><\/h3>\n\n\n\n<p><a href=\"http:\/\/lasartemplate.local\/wp-content\/uploads\/2020\/01\/Proposta-di-tesi_MBSE-with-ALSTOM-DIGITAL-MOBILITY.pdf\">Application du \u00ab model-based system engineering \u00bb (MBSE) aux \u00e9tudes de fiabilit\u00e9-disponibilit\u00e9maintenabilit\u00e9 (with ALSTOM, France)<\/a><\/p>\n\n\n\n<h3 class=\"wp-block-heading\"><em>Theses on Prognostics and Health Management for Predictive Maintenance:<\/em><\/h3>\n\n\n\n<p><a href=\"http:\/\/lasartemplate.local\/wp-content\/uploads\/2022\/06\/Proposta-di-tesi_analisi-multi-fonte-dei-dati-di-risorsa-di-vento-per-progetto-di-impianto-eolico-EDISON.pdf\">Analisi multi-fonte dei dati di risorsa vento per un progetto di impianto eolico (with EDISON, Italy)<\/a><\/p>\n\n\n\n<p><a href=\"http:\/\/lasartemplate.local\/wp-content\/uploads\/2022\/06\/Proposta-di-tesi_AI-tecnologie-robotiche-e-big-data-per-la-manutenzione-predittiva-degli-impianti-eolici-EDISON.pdf\">Intelligenza artificiale, tecnologie robotiche e big-data per la manutenzione predittiva degli impianti eolici (with EDISON, Italy)<\/a><\/p>\n\n\n\n<p><a href=\"http:\/\/lasartemplate.local\/wp-content\/uploads\/2022\/01\/Thesis-proposal-CNPE_17.01.2022.pdf\">Large-scale multi-modal online health monitoring and fault-tolerant control technology for sensors of the Distribution Control System (DCS) of Nuclear Power Plants (NPPs) (with China Nuclear Power Engineering Co., Ltd)<\/a><\/p>\n\n\n\n<p><a href=\"http:\/\/lasartemplate.local\/wp-content\/uploads\/2021\/03\/Train-Diagramming.pdf\">Train Diagramming (with ARAMIS Srl, Italy)<\/a><\/p>\n\n\n\n<p><a href=\"http:\/\/lasartemplate.local\/wp-content\/uploads\/2021\/01\/Scheda_Tesi_PHM_LCC.pdf\">PHM impact on Life Cycle Cost Analysis (with ARAMIS Srl, Italy)<\/a><\/p>\n\n\n\n<h3 class=\"wp-block-heading\"><em>Other:<\/em><\/h3>\n\n\n\n<p><a href=\"http:\/\/lasartemplate.local\/wp-content\/uploads\/2022\/10\/2022_ENI_Emanuele.pdf\">Development of an Artificial Intelligence-based Virtual Meter Tool for Carbon Capture and Storage Applications&nbsp;(with ENI, Italy)<\/a><\/p>\n\n\n\n<p><a href=\"http:\/\/lasartemplate.local\/wp-content\/uploads\/2021\/03\/Development-of-machine-learning-techniques-for-data-driven-DWIM-systems.pdf\">Development of machine learning techniques for data-driven DWIM systems&nbsp;(with ARAMIS Srl, Italy)<\/a><\/p>\n\n\n\n<p><a href=\"http:\/\/lasartemplate.local\/wp-content\/uploads\/2023\/06\/2023_Proposal_PINN-1.doc\">Physics-informed neural network for modeling high burnup structure formation in nuclear fuel (with NRG, Italy)<\/a>.<\/p>\n\n\n\n<h1 class=\"wp-block-heading\"><em>Theses internal at LASAR:<\/em><\/h1>\n\n\n\n<h2 class=\"wp-block-heading\"><em>Theses on risk and resilience assessment of complex systems and critical infrastructures:<\/em><\/h2>\n\n\n\n<p><a href=\"http:\/\/lasartemplate.local\/wp-content\/uploads\/2021\/01\/Ecology-network-analysis-methods-for-balancing-efficiency-and-resilience-of-critical-systems-and-infrastructures.pdf\">Ecology network analysis methods for balancing efficiency and resilience of critical systems and infrastructures<\/a><\/p>\n\n\n\n<p><a href=\"http:\/\/lasartemplate.local\/wp-content\/uploads\/2021\/01\/Resilience-of-energy-production-plants-exposed-to-Natural-Technological-Natech-scenarios-of-increasing-frequency-and-severity-in-the-climate-change-context.pdf\">Resilience of energy production plants exposed to Natural-Technological (Natech) scenarios of increasing frequency and severity in the climate change context<\/a><\/p>\n\n\n\n<p><a href=\"http:\/\/lasartemplate.local\/wp-content\/uploads\/2021\/01\/Uncertainty-quantification-methods-in-the-risk-analysis-of-energy-systems-exposed-to-NaTech-hazards-and-accident-scenarios.pdf\">Uncertainty quantification methods in the risk analysis of energy systems exposed to NaTech hazards and accident scenarios<\/a><\/p>\n\n\n\n<p><a href=\"http:\/\/lasartemplate.local\/wp-content\/uploads\/2021\/01\/Uncertainty-Quantification-in-Computational-Fluid-Dynamics-CFD-for-Risk-Assessment.pdf\">Uncertainty Quantification in Computational Fluid Dynamics (CFD) for Risk Assessment<\/a><\/p>\n\n\n\n<p><a href=\"http:\/\/lasartemplate.local\/wp-content\/uploads\/2021\/01\/Methods-for-the-evaluation-and-optimization-of-the-resilience-systems-plants-and-infrastructures.pdf\">Methods for the evaluation and optimization of the resilience systems, plants and infrastructures<\/a><\/p>\n\n\n\n<p><a href=\"http:\/\/lasartemplate.local\/wp-content\/uploads\/2021\/01\/Advanced-methods-for-the-risk-assessment-of-industrial-facilities-and-plants-in-the-oilgas-and-energy-sectors.pdf\">Advanced methods for the risk assessment of industrial facilities and plants in the oil&amp;gas and energy sectors<\/a><\/p>\n\n\n\n<p><a href=\"http:\/\/lasartemplate.local\/wp-content\/uploads\/2021\/01\/Climate-change-impact-on-the-risk-assessment-of-energy-production-plants.pdf\">Climate change impact on the risk assessment of energy production plants<\/a><\/p>\n\n\n\n<h2 class=\"wp-block-heading\"><em>Theses on Prognostics and Health Management for Predictive Maintenance:<\/em><\/h2>\n\n\n\n<p><a href=\"http:\/\/lasartemplate.local\/wp-content\/uploads\/2021\/01\/Deep-Learning-Methods-for-Extracting-Information-from-Text-Documents-in-Prognostics-and-Health-Management-Applications.pdf\">Deep Learning Methods for Extracting Information from Text Documents in Prognostics and Health Management Applications<\/a><\/p>\n\n\n\n<p><a href=\"http:\/\/www.www.lasar.polimi.it\/wp-content\/uploads\/2021\/01\/Development-and-implementation-of-diagnostic-techniques-for-the-classification-of-abnormal-conditions-in-industrial-plants-using-transparent-rules.pdf\">Development and implementation of diagnostic techniques for the classification of abnormal conditions in industrial plants using transparent rules<\/a><\/p>\n<div class=\"pvc_clear\"><\/div><p id=\"pvc_stats_487\" class=\"pvc_stats all  \" data-element-id=\"487\" style=\"\"><i class=\"pvc-stats-icon medium\" aria-hidden=\"true\"><svg aria-hidden=\"true\" focusable=\"false\" data-prefix=\"far\" data-icon=\"chart-bar\" role=\"img\" xmlns=\"http:\/\/www.w3.org\/2000\/svg\" viewBox=\"0 0 512 512\" class=\"svg-inline--fa fa-chart-bar fa-w-16 fa-2x\"><path fill=\"currentColor\" d=\"M396.8 352h22.4c6.4 0 12.8-6.4 12.8-12.8V108.8c0-6.4-6.4-12.8-12.8-12.8h-22.4c-6.4 0-12.8 6.4-12.8 12.8v230.4c0 6.4 6.4 12.8 12.8 12.8zm-192 0h22.4c6.4 0 12.8-6.4 12.8-12.8V140.8c0-6.4-6.4-12.8-12.8-12.8h-22.4c-6.4 0-12.8 6.4-12.8 12.8v198.4c0 6.4 6.4 12.8 12.8 12.8zm96 0h22.4c6.4 0 12.8-6.4 12.8-12.8V204.8c0-6.4-6.4-12.8-12.8-12.8h-22.4c-6.4 0-12.8 6.4-12.8 12.8v134.4c0 6.4 6.4 12.8 12.8 12.8zM496 400H48V80c0-8.84-7.16-16-16-16H16C7.16 64 0 71.16 0 80v336c0 17.67 14.33 32 32 32h464c8.84 0 16-7.16 16-16v-16c0-8.84-7.16-16-16-16zm-387.2-48h22.4c6.4 0 12.8-6.4 12.8-12.8v-70.4c0-6.4-6.4-12.8-12.8-12.8h-22.4c-6.4 0-12.8 6.4-12.8 12.8v70.4c0 6.4 6.4 12.8 12.8 12.8z\" class=\"\"><\/path><\/svg><\/i> <img loading=\"lazy\" decoding=\"async\" width=\"16\" height=\"16\" alt=\"Loading\" src=\"https:\/\/www.lasar.polimi.it\/wp-content\/plugins\/page-views-count\/ajax-loader-2x.gif\" border=0 \/><\/p><div class=\"pvc_clear\"><\/div>","protected":false},"excerpt":{"rendered":"<p>&nbsp; PhD POSITIONS MASTER THESES Theses with international collaborations: Theses on risk and resilience assessment of complex systems and critical infrastructures: Guided probabilistic risk assessment of complex systems using reinforcement learning optimization (with UCLA, USA) Resilience assessment and management of power grids in response to extreme weather conditions (heat wave, [&hellip;]<\/p>\n<div class=\"pvc_clear\"><\/div>\n<p id=\"pvc_stats_487\" class=\"pvc_stats all  \" data-element-id=\"487\" style=\"\"><i class=\"pvc-stats-icon medium\" aria-hidden=\"true\"><svg aria-hidden=\"true\" focusable=\"false\" data-prefix=\"far\" data-icon=\"chart-bar\" role=\"img\" xmlns=\"http:\/\/www.w3.org\/2000\/svg\" viewBox=\"0 0 512 512\" class=\"svg-inline--fa fa-chart-bar fa-w-16 fa-2x\"><path fill=\"currentColor\" d=\"M396.8 352h22.4c6.4 0 12.8-6.4 12.8-12.8V108.8c0-6.4-6.4-12.8-12.8-12.8h-22.4c-6.4 0-12.8 6.4-12.8 12.8v230.4c0 6.4 6.4 12.8 12.8 12.8zm-192 0h22.4c6.4 0 12.8-6.4 12.8-12.8V140.8c0-6.4-6.4-12.8-12.8-12.8h-22.4c-6.4 0-12.8 6.4-12.8 12.8v198.4c0 6.4 6.4 12.8 12.8 12.8zm96 0h22.4c6.4 0 12.8-6.4 12.8-12.8V204.8c0-6.4-6.4-12.8-12.8-12.8h-22.4c-6.4 0-12.8 6.4-12.8 12.8v134.4c0 6.4 6.4 12.8 12.8 12.8zM496 400H48V80c0-8.84-7.16-16-16-16H16C7.16 64 0 71.16 0 80v336c0 17.67 14.33 32 32 32h464c8.84 0 16-7.16 16-16v-16c0-8.84-7.16-16-16-16zm-387.2-48h22.4c6.4 0 12.8-6.4 12.8-12.8v-70.4c0-6.4-6.4-12.8-12.8-12.8h-22.4c-6.4 0-12.8 6.4-12.8 12.8v70.4c0 6.4 6.4 12.8 12.8 12.8z\" class=\"\"><\/path><\/svg><\/i> <img loading=\"lazy\" decoding=\"async\" width=\"16\" height=\"16\" alt=\"Loading\" src=\"https:\/\/www.lasar.polimi.it\/wp-content\/plugins\/page-views-count\/ajax-loader-2x.gif\" border=0 \/><\/p>\n<div class=\"pvc_clear\"><\/div>\n","protected":false},"author":1,"featured_media":0,"parent":0,"menu_order":0,"comment_status":"closed","ping_status":"closed","template":"","meta":{"inline_featured_image":false,"footnotes":""},"class_list":["post-487","page","type-page","status-publish","hentry"],"_links":{"self":[{"href":"https:\/\/www.lasar.polimi.it\/index.php?rest_route=\/wp\/v2\/pages\/487","targetHints":{"allow":["GET"]}}],"collection":[{"href":"https:\/\/www.lasar.polimi.it\/index.php?rest_route=\/wp\/v2\/pages"}],"about":[{"href":"https:\/\/www.lasar.polimi.it\/index.php?rest_route=\/wp\/v2\/types\/page"}],"author":[{"embeddable":true,"href":"https:\/\/www.lasar.polimi.it\/index.php?rest_route=\/wp\/v2\/users\/1"}],"replies":[{"embeddable":true,"href":"https:\/\/www.lasar.polimi.it\/index.php?rest_route=%2Fwp%2Fv2%2Fcomments&post=487"}],"version-history":[{"count":112,"href":"https:\/\/www.lasar.polimi.it\/index.php?rest_route=\/wp\/v2\/pages\/487\/revisions"}],"predecessor-version":[{"id":5320,"href":"https:\/\/www.lasar.polimi.it\/index.php?rest_route=\/wp\/v2\/pages\/487\/revisions\/5320"}],"wp:attachment":[{"href":"https:\/\/www.lasar.polimi.it\/index.php?rest_route=%2Fwp%2Fv2%2Fmedia&parent=487"}],"curies":[{"name":"wp","href":"https:\/\/api.w.org\/{rel}","templated":true}]}}